{"id":224,"date":"2026-01-29T11:49:26","date_gmt":"2026-01-29T11:49:26","guid":{"rendered":"https:\/\/trullodavide.com\/guest-experiences-2\/"},"modified":"2026-01-29T18:16:40","modified_gmt":"2026-01-29T18:16:40","slug":"guest-experiences-2","status":"publish","type":"page","link":"https:\/\/trullodavide.com\/it\/guest-experiences-2\/","title":{"rendered":"Cosa dicono i nostri ospiti"},"content":{"rendered":"<p class=\"has-text-align-center\"><strong>*****<\/strong><a href=\"https:\/\/trullodavide.com\/wp-admin\/edit.php?post_type=page\"><\/a><\/p>\n\n\n\n<div class=\"wp-block-group is-style-default has-global-padding is-layout-constrained wp-block-group-is-layout-constrained\">\n<p style=\"margin-top:var(--wp--preset--spacing--30);margin-bottom:24px;font-size:clamp(14px, 0.875rem + ((1vw - 3.2px) * 0.417), 18px);\">Il nostro padrone di casa ci ha accolti personalmente ed \u00e8 stato disponibile per tutta la settimana. La casa \u00e8 fantastica e superbamente attrezzata - ha molto spazio e angoli accoglienti in cui rilassarsi sia all'interno che all'esterno. Grazie mille!<\/p>\n\n\n\n<div class=\"wp-block-group is-nowrap is-layout-flex wp-container-core-group-is-layout-e504371c wp-block-group-is-layout-flex\" style=\"padding-top:0;padding-right:0;padding-bottom:0;padding-left:0\">\n<div class=\"wp-block-group has-global-padding is-layout-constrained wp-container-core-group-is-layout-639b5052 wp-block-group-is-layout-constrained\" style=\"padding-top:0;padding-right:0;padding-bottom:0;padding-left:0\">\n<h4 class=\"wp-block-heading has-small-font-size\" style=\"font-style:normal;font-weight:600\"><strong>Christine, Svizzera<\/strong><\/h4>\n\n\n\n<p class=\"has-small-font-size\" style=\"margin-top:4px;margin-bottom:0\"><strong>Ottobre 2025<\/strong><\/p>\n<\/div>\n<\/div>\n<\/div>\n\n\n\n<p class=\"has-text-align-center\"><strong>*****<\/strong><a href=\"https:\/\/trullodavide.com\/wp-admin\/edit.php?post_type=page\"><\/a><\/p>\n\n\n\n<p style=\"margin-top:var(--wp--preset--spacing--30);margin-bottom:24px;font-size:clamp(14px, 0.875rem + ((1vw - 3.2px) * 0.417), 18px);\">Abbiamo trascorso una settimana meravigliosa in questa casa bellissima e lussuosa. \u00c8 spaziosa, ben attrezzata e molto confortevole, soprattutto i letti. Dalla grande veranda si gode di una splendida vista sulla bella piscina e sulla campagna circostante. La casa \u00e8 circondata da alberi da frutto e ulivi, il che d\u00e0 la sensazione di essere nella vera Italia. C'\u00e8 molto da vedere e da fare nella zona e ci sono spiagge meravigliose a breve distanza. Ci piacerebbe tornare di nuovo in questa casa fantastica!<\/p>\n\n\n\n<div class=\"wp-block-group is-nowrap is-layout-flex wp-container-core-group-is-layout-e504371c wp-block-group-is-layout-flex\" style=\"padding-top:0;padding-right:0;padding-bottom:0;padding-left:0\">\n<div class=\"wp-block-group has-global-padding is-layout-constrained wp-container-core-group-is-layout-639b5052 wp-block-group-is-layout-constrained\" style=\"padding-top:0;padding-right:0;padding-bottom:0;padding-left:0\">\n<h4 class=\"wp-block-heading has-small-font-size\" style=\"font-style:normal;font-weight:600\"><strong>Minka, Paesi Bassi<\/strong><\/h4>\n\n\n\n<p class=\"has-small-font-size\" style=\"margin-top:4px;margin-bottom:0\"><strong>Settembre 2025<\/strong><\/p>\n<\/div>\n<\/div>\n\n\n\n<p class=\"has-text-align-center\"><strong>*****<\/strong><a href=\"https:\/\/trullodavide.com\/wp-admin\/edit.php?post_type=page\"><\/a><\/p>\n\n\n\n<p style=\"margin-top:var(--wp--preset--spacing--30);margin-bottom:24px;font-size:clamp(14px, 0.875rem + ((1vw - 3.2px) * 0.417), 18px);\">Possiamo solo raccomandare il Trullo Davide. Il trullo \u00e8 molto pulito e pi\u00f9 grande di quanto si possa vedere nelle foto. Siamo rimasti piacevolmente sorpresi dall'arredamento moderno e dall'ampia zona piscina, cos\u00ec come dalla cucina completamente attrezzata e dalla bellissima area esterna. Lo raccomanderemmo a chiunque e ci siamo davvero goduti la nostra vacanza.<\/p>\n\n\n\n<div class=\"wp-block-group is-nowrap is-layout-flex wp-container-core-group-is-layout-e504371c wp-block-group-is-layout-flex\" style=\"padding-top:0;padding-right:0;padding-bottom:0;padding-left:0\">\n<div class=\"wp-block-group has-global-padding is-layout-constrained wp-container-core-group-is-layout-639b5052 wp-block-group-is-layout-constrained\" style=\"padding-top:0;padding-right:0;padding-bottom:0;padding-left:0\">\n<h4 class=\"wp-block-heading has-small-font-size\" style=\"font-style:normal;font-weight:600\"><strong>Benjamin<\/strong>, <strong>Germania<\/strong><\/h4>\n\n\n\n<p class=\"has-small-font-size\" style=\"margin-top:4px;margin-bottom:0\">Agosto 2025<\/p>\n<\/div>\n<\/div>\n\n\n\n<p class=\"has-text-align-center\"><strong>*****<\/strong><a href=\"https:\/\/trullodavide.com\/wp-admin\/edit.php?post_type=page\"><\/a><\/p>\n\n\n\n<p style=\"margin-top:var(--wp--preset--spacing--30);margin-bottom:24px;font-size:clamp(14px, 0.875rem + ((1vw - 3.2px) * 0.417), 18px);\">Sistemazione eccellente e un padrone di casa cordiale ed estremamente disponibile. Abbiamo trascorso una vacanza fantastica!<\/p>\n\n\n\n<div class=\"wp-block-group is-nowrap is-layout-flex wp-container-core-group-is-layout-e504371c wp-block-group-is-layout-flex\" style=\"padding-top:0;padding-right:0;padding-bottom:0;padding-left:0\">\n<div class=\"wp-block-group has-global-padding is-layout-constrained wp-container-core-group-is-layout-639b5052 wp-block-group-is-layout-constrained\" style=\"padding-top:0;padding-right:0;padding-bottom:0;padding-left:0\">\n<h4 class=\"wp-block-heading has-small-font-size\" style=\"font-style:normal;font-weight:600\">Kim, Belgio<\/h4>\n\n\n\n<p class=\"has-small-font-size\" style=\"margin-top:4px;margin-bottom:0\">Luglio 2025<\/p>\n<\/div>\n<\/div>\n\n\n\n<p class=\"has-text-align-center\"><strong>*****<\/strong><a href=\"https:\/\/trullodavide.com\/wp-admin\/edit.php?post_type=page\"><\/a><\/p>\n\n\n\n<p style=\"margin-top:var(--wp--preset--spacing--30);margin-bottom:24px;font-size:clamp(14px, 0.875rem + ((1vw - 3.2px) * 0.417), 18px);\">Il Trullo Davide \u00e8 di gran lunga l'alloggio pi\u00f9 completo che abbiamo mai visitato. La casa \u00e8 completamente attrezzata e si \u00e8 pensato a tutto, anche a libri e giochi, per cui \u00e8 necessario portare solo i vestiti! Tutte le camere da letto hanno letti comodi e una buona aria condizionata in tutta la casa, che \u00e8 situata in una splendida posizione con molta privacy. Abbiamo apprezzato molto il nostro soggiorno e soprattutto la piscina. Altamente raccomandato!<\/p>\n\n\n\n<div class=\"wp-block-group is-nowrap is-layout-flex wp-container-core-group-is-layout-e504371c wp-block-group-is-layout-flex\" style=\"padding-top:0;padding-right:0;padding-bottom:0;padding-left:0\">\n<div class=\"wp-block-group has-global-padding is-layout-constrained wp-container-core-group-is-layout-639b5052 wp-block-group-is-layout-constrained\" style=\"padding-top:0;padding-right:0;padding-bottom:0;padding-left:0\">\n<h4 class=\"wp-block-heading has-small-font-size\" style=\"font-style:normal;font-weight:600\">Eline, Paesi Bassi<\/h4>\n\n\n\n<p class=\"has-small-font-size\" style=\"margin-top:4px;margin-bottom:0\">Giugno 2025<\/p>\n<\/div>\n<\/div>\n\n\n\n<p class=\"has-text-align-center\"><strong>*****<\/strong><a href=\"https:\/\/trullodavide.com\/wp-admin\/edit.php?post_type=page\"><\/a><\/p>\n\n\n\n<p style=\"margin-top:var(--wp--preset--spacing--30);margin-bottom:24px;font-size:clamp(14px, 0.875rem + ((1vw - 3.2px) * 0.417), 18px);\">Abbiamo trascorso un periodo meraviglioso in questo trullo restaurato con amore, situato in una posizione perfetta e punto di partenza ideale per esplorare la bellissima Valle d'Itria. Siamo stati accolti calorosamente dalla nostra padrona di casa e ci sono stati dati ottimi consigli per i ristoranti locali, e un vero punto culminante \u00e8 stata la serata della pizza che ha organizzato al trullo - \u00e8 stata un'esperienza davvero speciale che non dimenticheremo mai! La casa in s\u00e9 era assolutamente bella, molto ben tenuta e non mancava nulla. La posizione \u00e8 tranquilla e idilliaca - perfetta per rilassarsi. Possiamo raccomandare pienamente questa casa vacanze e ci piacerebbe tornare in qualsiasi momento!<\/p>\n\n\n\n<div class=\"wp-block-group is-nowrap is-layout-flex wp-container-core-group-is-layout-e504371c wp-block-group-is-layout-flex\" style=\"padding-top:0;padding-right:0;padding-bottom:0;padding-left:0\">\n<div class=\"wp-block-group has-global-padding is-layout-constrained wp-container-core-group-is-layout-639b5052 wp-block-group-is-layout-constrained\" style=\"padding-top:0;padding-right:0;padding-bottom:0;padding-left:0\">\n<h4 class=\"wp-block-heading has-small-font-size\" style=\"font-style:normal;font-weight:600\">Katja, Paesi Bassi<\/h4>\n\n\n\n<p class=\"has-small-font-size\" style=\"margin-top:4px;margin-bottom:0\">Agosto 2024<\/p>\n<\/div>\n<\/div>\n\n\n\n<p class=\"has-text-align-center\"><strong>*****<\/strong><a href=\"https:\/\/trullodavide.com\/wp-admin\/edit.php?post_type=page\"><\/a><\/p>\n\n\n\n<p>La casa \u00e8 assolutamente bella e si trova in una zona idilliaca. Ha soddisfatto le nostre esigenze per la settimana in cui siamo stati l\u00ec.<\/p>\n\n\n\n<div class=\"wp-block-group is-nowrap is-layout-flex wp-container-core-group-is-layout-e504371c wp-block-group-is-layout-flex\" style=\"padding-top:0;padding-right:0;padding-bottom:0;padding-left:0\">\n<div class=\"wp-block-group has-global-padding is-layout-constrained wp-container-core-group-is-layout-639b5052 wp-block-group-is-layout-constrained\" style=\"padding-top:0;padding-right:0;padding-bottom:0;padding-left:0\">\n<h4 class=\"wp-block-heading has-small-font-size\" style=\"font-style:normal;font-weight:600\">Katie, Regno Unito<\/h4>\n\n\n\n<p class=\"has-small-font-size\" style=\"margin-top:4px;margin-bottom:0\">Agosto 2024<\/p>\n<\/div>\n<\/div>\n\n\n\n<p class=\"has-text-align-center\"><strong>*****<\/strong><a href=\"https:\/\/trullodavide.com\/wp-admin\/edit.php?post_type=page\"><\/a><\/p>\n\n\n\n<p style=\"margin-top:var(--wp--preset--spacing--30);margin-bottom:24px;font-size:clamp(14px, 0.875rem + ((1vw - 3.2px) * 0.417), 18px);\">Villa bella e spaziosa con vista meravigliosa. Luogo di soggiorno molto tranquillo e rilassante. Posizione eccellente - non pi\u00f9 di 15 minuti da diversi villaggi locali e 40 minuti dalla spiaggia. Il nostro delizioso padrone di casa si \u00e8 preso cura di noi molto bene.<\/p>\n\n\n\n<div class=\"wp-block-group is-nowrap is-layout-flex wp-container-core-group-is-layout-e504371c wp-block-group-is-layout-flex\" style=\"padding-top:0;padding-right:0;padding-bottom:0;padding-left:0\">\n<div class=\"wp-block-group has-global-padding is-layout-constrained wp-container-core-group-is-layout-639b5052 wp-block-group-is-layout-constrained\" style=\"padding-top:0;padding-right:0;padding-bottom:0;padding-left:0\">\n<h4 class=\"wp-block-heading has-small-font-size\" style=\"font-style:normal;font-weight:600\">Rajan, Regno Unito<\/h4>\n\n\n\n<p class=\"has-small-font-size\" style=\"margin-top:4px;margin-bottom:0\">Luglio 2024<\/p>\n<\/div>\n<\/div>\n\n\n\n<p class=\"has-text-align-center\"><strong>*****<\/strong><\/p>\n\n\n\n<p class=\"has-text-align-left\">Questa casa grande, confortevole e ben attrezzata \u00e8 situata su una collina con una splendida vista sulla valle e sui campi coltivati sottostanti. Ci sono uliveti e alberi da frutto e una bella piscina con terrazze e una pool house con forno a legna. C'\u00e8 anche un tavolo da ping pong per chi vuole fare un po' di esercizio. L'ampia veranda \u00e8 una delizia assoluta ed \u00e8 perfetta per mangiare, bere o semplicemente rilassarsi. Il Trullo Davide \u00e8 un vero gioiello lontano da tutto e lo consiglio vivamente come luogo ideale per le vostre vacanze.<\/p>\n\n\n\n<div class=\"wp-block-group is-nowrap is-layout-flex wp-container-core-group-is-layout-e504371c wp-block-group-is-layout-flex\" style=\"padding-top:0;padding-right:0;padding-bottom:0;padding-left:0\">\n<div class=\"wp-block-group has-global-padding is-layout-constrained wp-container-core-group-is-layout-639b5052 wp-block-group-is-layout-constrained\" style=\"padding-top:0;padding-right:0;padding-bottom:0;padding-left:0\">\n<h4 class=\"wp-block-heading has-small-font-size\" style=\"font-style:normal;font-weight:600\">Grant, Sudafrica<\/h4>\n\n\n\n<p class=\"has-small-font-size\" style=\"margin-top:4px;margin-bottom:0\">Maggio 2023<\/p>\n<\/div>\n<\/div>\n\n\n\n<p class=\"has-text-align-center\"><strong>*****<\/strong><\/p>\n\n\n\n<p>Il paradiso in terra! Una bella casa grande con una bella piscina e una lussuosa pool house (con un forno per la pizza!). La privacy non potrebbe essere migliore. Si \u00e8 circondati da pace, spazio e uliveti. Abbiamo dormito in un trullo originale ma dotato di tutti i comfort moderni. Situato nel triangolo d'oro della Puglia: Locorotonda, Martina Franca e Alberobello.<\/p>\n\n\n\n<div class=\"wp-block-group is-nowrap is-layout-flex wp-container-core-group-is-layout-e504371c wp-block-group-is-layout-flex\" style=\"padding-top:0;padding-right:0;padding-bottom:0;padding-left:0\">\n<div class=\"wp-block-group has-global-padding is-layout-constrained wp-container-core-group-is-layout-639b5052 wp-block-group-is-layout-constrained\" style=\"padding-top:0;padding-right:0;padding-bottom:0;padding-left:0\">\n<h4 class=\"wp-block-heading has-small-font-size\" style=\"font-style:normal;font-weight:600\">Ankie, Paesi Bassi<\/h4>\n\n\n\n<p class=\"has-small-font-size\" style=\"margin-top:4px;margin-bottom:0\">Maggio 2023<\/p>\n<\/div>\n<\/div>\n\n\n\n<p class=\"has-text-align-center\"><strong>*****<\/strong><\/p>\n\n\n\n<p>Non volevamo andarcene! Questa \u00e8 una casa bellissima con una vista incredibile e tutto il necessario per un soggiorno favoloso nella regione Puglia. Vicino a tutte le citt\u00e0 da visitare, Alberobello, Martina Franca, e a poco pi\u00f9 di un'ora da Matera. Si pu\u00f2 comunque tornare in tempo per cucinare e gustare tutti i prodotti locali. E il nostro ospite \u00e8 stato molto premuroso e gentile!<\/p>\n\n\n\n<div class=\"wp-block-group is-nowrap is-layout-flex wp-container-core-group-is-layout-e504371c wp-block-group-is-layout-flex\" style=\"padding-top:0;padding-right:0;padding-bottom:0;padding-left:0\">\n<div class=\"wp-block-group has-global-padding is-layout-constrained wp-container-core-group-is-layout-639b5052 wp-block-group-is-layout-constrained\" style=\"padding-top:0;padding-right:0;padding-bottom:0;padding-left:0\">\n<h4 class=\"wp-block-heading has-small-font-size\" style=\"font-style:normal;font-weight:600\">Teresa, USA<\/h4>\n\n\n\n<p class=\"has-small-font-size\" style=\"margin-top:4px;margin-bottom:0\">Novembre 2022<\/p>\n<\/div>\n<\/div>\n\n\n\n<p class=\"has-text-align-center\"><strong>*****<\/strong><\/p>\n\n\n\n<p>Un soggiorno meraviglioso e idilliaco. Questo \u00e8 un posto incredibile in cui soggiornare. Bella e pulita, questa propriet\u00e0 \u00e8 tenuta splendidamente .Aria condizionata in tutte le camere. Un ambiente bellissimo e privato e molto tranquillo. Anche la vostra piscina privata. Vicino a molte attrazioni tra cui Martina Franca, Alberobello ecc. Ottimo posto per rilassarsi. Ci torneremo di sicuro.<\/p>\n\n\n\n<div class=\"wp-block-group is-nowrap is-layout-flex wp-container-core-group-is-layout-e504371c wp-block-group-is-layout-flex\" style=\"padding-top:0;padding-right:0;padding-bottom:0;padding-left:0\">\n<div class=\"wp-block-group has-global-padding is-layout-constrained wp-container-core-group-is-layout-639b5052 wp-block-group-is-layout-constrained\" style=\"padding-top:0;padding-right:0;padding-bottom:0;padding-left:0\">\n<h4 class=\"wp-block-heading has-small-font-size\" style=\"font-style:normal;font-weight:600\">David, Regno Unito<\/h4>\n\n\n\n<p class=\"has-small-font-size\" style=\"margin-top:4px;margin-bottom:0\">Luglio 2022<\/p>\n<\/div>\n<\/div>\n\n\n\n<p class=\"has-text-align-center\"><strong>*****<\/strong><\/p>\n\n\n\n<p>Abbiamo trascorso un periodo meraviglioso nella casa che ha una vista fantastica e una grande piscina! Non volevamo andarcene. Posto perfetto e altamente raccomandabile.<\/p>\n\n\n\n<div class=\"wp-block-group is-nowrap is-layout-flex wp-container-core-group-is-layout-e504371c wp-block-group-is-layout-flex\" style=\"padding-top:0;padding-right:0;padding-bottom:0;padding-left:0\">\n<div class=\"wp-block-group has-global-padding is-layout-constrained wp-container-core-group-is-layout-639b5052 wp-block-group-is-layout-constrained\" style=\"padding-top:0;padding-right:0;padding-bottom:0;padding-left:0\">\n<h4 class=\"wp-block-heading has-small-font-size\" style=\"font-style:normal;font-weight:600\">Juliane, Germania<\/h4>\n\n\n\n<p class=\"has-small-font-size\" style=\"margin-top:4px;margin-bottom:0\">Giugno 2022<\/p>\n<\/div>\n<\/div>","protected":false},"excerpt":{"rendered":"<p>***** Our host welcomed us personally and was available throughout the week. The house is fantastic and superbly equipped &#8211; it has plenty of space and cozy corners to relax in both indoors and outdoors. Thank you so much! Christine, Switzerland October 2025 ***** We had a wonderful week in this beautiful, luxurious house. It [&hellip;]<\/p>\n","protected":false},"author":1,"featured_media":0,"parent":0,"menu_order":0,"comment_status":"closed","ping_status":"closed","template":"page-with-title","meta":{"_monsterinsights_skip_tracking":false,"_monsterinsights_sitenote_active":false,"_monsterinsights_sitenote_note":"","_monsterinsights_sitenote_category":0,"_uf_show_specific_survey":0,"_uf_disable_surveys":false,"footnotes":""},"class_list":["post-224","page","type-page","status-publish","hentry"],"aioseo_notices":[],"_links":{"self":[{"href":"https:\/\/trullodavide.com\/it\/wp-json\/wp\/v2\/pages\/224","targetHints":{"allow":["GET"]}}],"collection":[{"href":"https:\/\/trullodavide.com\/it\/wp-json\/wp\/v2\/pages"}],"about":[{"href":"https:\/\/trullodavide.com\/it\/wp-json\/wp\/v2\/types\/page"}],"author":[{"embeddable":true,"href":"https:\/\/trullodavide.com\/it\/wp-json\/wp\/v2\/users\/1"}],"replies":[{"embeddable":true,"href":"https:\/\/trullodavide.com\/it\/wp-json\/wp\/v2\/comments?post=224"}],"version-history":[{"count":11,"href":"https:\/\/trullodavide.com\/it\/wp-json\/wp\/v2\/pages\/224\/revisions"}],"predecessor-version":[{"id":292,"href":"https:\/\/trullodavide.com\/it\/wp-json\/wp\/v2\/pages\/224\/revisions\/292"}],"wp:attachment":[{"href":"https:\/\/trullodavide.com\/it\/wp-json\/wp\/v2\/media?parent=224"}],"curies":[{"name":"wp","href":"https:\/\/api.w.org\/{rel}","templated":true}]}}